{"id":33,"date":"2015-11-10T14:15:10","date_gmt":"2015-11-10T13:15:10","guid":{"rendered":"http:\/\/paradisled.com\/?page_id=33"},"modified":"2016-11-17T14:52:33","modified_gmt":"2016-11-17T13:52:33","slug":"mentions-legales","status":"publish","type":"page","link":"http:\/\/en.paradisled.com\/index.php\/mentions-legales\/","title":{"rendered":"Mentions l\u00e9gales"},"content":{"rendered":"<h2>\u00c9diteur<\/h2>\n<p>Paradisled.com est un nom de domaine r\u00e9serv\u00e9 par l\u2019association ALASKAN WABAN,<br \/>\nAssociation ALASKAN WABAN n\u00b0 W691086969<br \/>\n 2800 route de Jarcieu 38270 Beaurepaire. +33(06).42.34.57.79\n<\/p>\n<p>THIEVENAZ B\u00e9reng\u00e8re<br \/>\n 2800 route de Jarcieu 38270 Beaurepaire<br \/>\nSIRET: 807 834 619 00015\n<\/p>\n<p>POLO Vincent<br \/>\n2800 route de Jarcieu 38270 Beaurepaire<br \/>\nSIRET: 789 933 629 00014\n<\/p>\n<h2>H\u00e9bergement<\/h2>\n<p>\nCe site est h\u00e9berg\u00e9 sur les serveurs OVH<br \/>\nOVH<br \/>\nSAS au capital de 500 K\u20ac<br \/>\nRCS Roubaix \u2013 Tourcoing 424 761 419 00011<br \/>\nCode APE 6202A<br \/>\nN\u00b0 TVA : FR 22 424 761 419\n<\/p>\n<h2>Contacts<\/h2>\n<p>Si vous avez des questions concernant l\u2019activit\u00e9 et les r\u00e9servations, n\u2019h\u00e9sitez pas \u00e0 nous contacter par t\u00e9l\u00e9phone ou mail.<\/p>\n<h2>Liens<\/h2>\n<p>Les sites reli\u00e9s directement ou indirectement au site Paradisled.com ne sont pas sous son contr\u00f4le. En cons\u00e9quence, nous n&#8217;assumons aucune responsabilit\u00e9 quant aux informations publi\u00e9es sur ces sites. Les liens avec des sites ext\u00e9rieurs ne sont fournis qu&#8217;\u00e0 titre de commodit\u00e9 et n&#8217;impliquent aucune caution quant \u00e0 leur contenu.<\/p>\n<h2>Droit applicable<\/h2>\n<p>Les pr\u00e9sentes Mentions L\u00e9gales sont soumises au droit interne fran\u00e7ais. La langue des Mentions L\u00e9gales est la langue fran\u00e7aise. En cas de litige, les tribunaux fran\u00e7ais seront seuls comp\u00e9tents.<\/p>\n","protected":false},"excerpt":{"rendered":"<p>\u00c9diteur Paradisled.com est un nom de domaine r\u00e9serv\u00e9 par l\u2019association ALASKAN WABAN, Association ALASKAN WABAN n\u00b0 W691086969 2800 route de Jarcieu 38270 Beaurepaire. +33(06).42.34.57.79 THIEVENAZ B\u00e9reng\u00e8re 2800 route de Jarcieu 38270 Beaurepaire SIRET: 807 834 619 00015 POLO Vincent 2800 route de Jarcieu 38270 Beaurepaire SIRET: 789 933 629 00014 H\u00e9bergement Ce site est h\u00e9berg\u00e9 [&hellip;]<\/p>\n","protected":false},"author":1,"featured_media":0,"parent":0,"menu_order":0,"comment_status":"closed","ping_status":"closed","template":"","meta":{"footnotes":""},"_links":{"self":[{"href":"http:\/\/en.paradisled.com\/index.php\/wp-json\/wp\/v2\/pages\/33"}],"collection":[{"href":"http:\/\/en.paradisled.com\/index.php\/wp-json\/wp\/v2\/pages"}],"about":[{"href":"http:\/\/en.paradisled.com\/index.php\/wp-json\/wp\/v2\/types\/page"}],"author":[{"embeddable":true,"href":"http:\/\/en.paradisled.com\/index.php\/wp-json\/wp\/v2\/users\/1"}],"replies":[{"embeddable":true,"href":"http:\/\/en.paradisled.com\/index.php\/wp-json\/wp\/v2\/comments?post=33"}],"version-history":[{"count":4,"href":"http:\/\/en.paradisled.com\/index.php\/wp-json\/wp\/v2\/pages\/33\/revisions"}],"predecessor-version":[{"id":48,"href":"http:\/\/en.paradisled.com\/index.php\/wp-json\/wp\/v2\/pages\/33\/revisions\/48"}],"wp:attachment":[{"href":"http:\/\/en.paradisled.com\/index.php\/wp-json\/wp\/v2\/media?parent=33"}],"curies":[{"name":"wp","href":"https:\/\/api.w.org\/{rel}","templated":true}]}}